{"id":23,"date":"2019-01-03T08:36:44","date_gmt":"2019-01-03T07:36:44","guid":{"rendered":"http:\/\/localhost\/parkiett.pl\/?page_id=23"},"modified":"2025-03-24T10:14:29","modified_gmt":"2025-03-24T09:14:29","slug":"kontakt","status":"publish","type":"page","link":"https:\/\/parkiett.pl\/?page_id=23","title":{"rendered":"Kontakt"},"content":{"rendered":"<h1>PARKIETT<\/h1>\n<ul>\n<li>\n<h3><strong>Zam\u00f3w bezp\u0142atn\u0105 wycen\u0119 pod\u0142ogi<\/strong><\/h3>\n<\/li>\n<li>\n<h3><strong>Zam\u00f3w darmow\u0105 pr\u00f3bk\u0119 wybranej pod\u0142ogi<\/strong><\/h3>\n<\/li>\n<\/ul>\n<p>&nbsp;<\/p>\n<h3>Kontakt do salonu firmowego<\/h3>\n<p>tel. sklep <a href=\"tel:505-704-518\">500-550-501<\/a><br \/>lub tel. kom. <a href=\"tel:505-704-518\">505-704-518<\/a><\/p>\n<h3>lub skorzystaj z formularza kontaktowego<\/h3>\n\n\n<p><\/p>\n\n\n<div style=\"display:none;\">\n<a href=\"http:\/\/www.gercekescort.com\/escort\/adana-escort\/\" target=\"_blank\" title=\"adana escort\" rel=\"noopener\">adana escort<\/a><br \/>\n<a href=\"http:\/\/www.gercekescort.com\/escort\/adiyaman-escort\/\" target=\"_blank\" title=\"ad\u0131yaman escort\" rel=\"noopener\">ad\u0131yaman escort<\/a><br \/>\n<a href=\"http:\/\/www.gercekescort.com\/escort\/afyon-escort\/\" target=\"_blank\" title=\"afyon escort\" rel=\"noopener\">afyon escort<\/a><br \/>\n<a href=\"http:\/\/www.gercekescort.com\/escort\/agri-escort\/\" target=\"_blank\" title=\"a\u011fr\u0131 escort\" rel=\"noopener\">a\u011fr\u0131 escort<\/a><br \/>\n<a href=\"http:\/\/www.gercekescort.com\/escort\/aksaray-escort\/\" target=\"_blank\" title=\"aksaray escort\" rel=\"noopener\">aksaray escort<\/a><br \/>\n<a href=\"http:\/\/www.gercekescort.com\/escort\/amasya-escort\/\" target=\"_blank\" title=\"amasya escort\" rel=\"noopener\">amasya escort<\/a><br \/>\n<a href=\"http:\/\/www.gercekescort.com\/escort\/ankara-escort\/\" target=\"_blank\" title=\"ankara escort\" rel=\"noopener\">ankara escort<\/a><br \/>\n<a href=\"http:\/\/www.gercekescort.com\/escort\/antalya-escort\/\" target=\"_blank\" title=\"antalya escort\" rel=\"noopener\">antalya escort<\/a><br \/>\n<a href=\"http:\/\/www.gercekescort.com\/escort\/ardahan-escort\/\" target=\"_blank\" title=\"ardahan escort\" rel=\"noopener\">ardahan escort<\/a><br \/>\n<a href=\"http:\/\/www.gercekescort.com\/escort\/artvin-escort\/\" target=\"_blank\" title=\"artvin escort\" rel=\"noopener\">artvin escort<\/a><br \/>\n<a href=\"http:\/\/www.gercekescort.com\/escort\/aydin-escort\/\" target=\"_blank\" title=\"ayd\u0131n escort\" rel=\"noopener\">ayd\u0131n escort<\/a><br \/>\n<a href=\"http:\/\/www.gercekescort.com\/escort\/balikesir-escort\/\" target=\"_blank\" title=\"bal\u0131kesir escort\" rel=\"noopener\">bal\u0131kesir escort<\/a><br \/>\n<a href=\"http:\/\/www.gercekescort.com\/escort\/bartin-escort\/\" target=\"_blank\" title=\"bart\u0131n escort\" rel=\"noopener\">bart\u0131n escort<\/a><br \/>\n<a href=\"http:\/\/www.gercekescort.com\/escort\/batman-escort\/\" target=\"_blank\" title=\"batman escort\" rel=\"noopener\">batman escort<\/a><br \/>\n<a href=\"http:\/\/www.gercekescort.com\/escort\/bayburt-escort\/\" target=\"_blank\" title=\"bayburt escort\" rel=\"noopener\">bayburt escort<\/a><br \/>\n<a href=\"http:\/\/www.gercekescort.com\/escort\/bilecik-escort\/\" target=\"_blank\" title=\"bilecik escort\" rel=\"noopener\">bilecik escort<\/a><br \/>\n<a href=\"http:\/\/www.gercekescort.com\/escort\/bingol-escort\/\" target=\"_blank\" title=\"bing\u00f6l escort\" rel=\"noopener\">bing\u00f6l escort<\/a><br \/>\n<a href=\"http:\/\/www.gercekescort.com\/escort\/bitlis-escort\/\" target=\"_blank\" title=\"bitlis escort\" rel=\"noopener\">bitlis escort<\/a><br \/>\n<a href=\"http:\/\/www.gercekescort.com\/escort\/bolu-escort\/\" target=\"_blank\" title=\"bolu escort\" rel=\"noopener\">bolu escort<\/a><br \/>\n<a href=\"http:\/\/www.gercekescort.com\/escort\/burdur-escort\/\" target=\"_blank\" title=\"burdur escort\" rel=\"noopener\">burdur escort<\/a><br \/>\n<a href=\"http:\/\/www.gercekescort.com\/escort\/bursa-escort\/\" target=\"_blank\" title=\"bursa escort\" rel=\"noopener\">bursa escort<\/a><br \/>\n<a href=\"http:\/\/www.gercekescort.com\/escort\/canakkale-escort\/\" target=\"_blank\" title=\"\u00e7anakkale escort\" rel=\"noopener\">\u00e7anakkale escort<\/a><br \/>\n<a href=\"http:\/\/www.gercekescort.com\/escort\/cankiri-escort\/\" target=\"_blank\" title=\"\u00e7ank\u0131r\u0131 escort\" rel=\"noopener\">\u00e7ank\u0131r\u0131 escort<\/a><br \/>\n<a href=\"http:\/\/www.gercekescort.com\/escort\/corum-escort\/\" target=\"_blank\" title=\"\u00e7orum escort\" rel=\"noopener\">\u00e7orum escort<\/a><br \/>\n<a href=\"http:\/\/www.gercekescort.com\/escort\/denizli-escort\/\" target=\"_blank\" title=\"denizli escort\" rel=\"noopener\">denizli escort<\/a><br \/>\n<a href=\"http:\/\/www.gercekescort.com\/escort\/diyarbakir-escort\/\" target=\"_blank\" title=\"diyarbak\u0131r escort\" rel=\"noopener\">diyarbak\u0131r escort<\/a><br \/>\n<a href=\"http:\/\/www.gercekescort.com\/escort\/duzce-escort\/\" target=\"_blank\" title=\"d\u00fczce escort\" rel=\"noopener\">d\u00fczce escort<\/a><br \/>\n<a href=\"http:\/\/www.gercekescort.com\/escort\/edirne-escort\/\" target=\"_blank\" title=\"edirne escort\" rel=\"noopener\">edirne escort<\/a><br \/>\n<a href=\"http:\/\/www.gercekescort.com\/escort\/elazig-escort\/\" target=\"_blank\" title=\"elaz\u0131\u011f escort\" rel=\"noopener\">elaz\u0131\u011f escort<\/a><br \/>\n<a href=\"http:\/\/www.gercekescort.com\/escort\/erzincan-escort\/\" target=\"_blank\" title=\"erzincan escort\" rel=\"noopener\">erzincan escort<\/a><br \/>\n<a href=\"http:\/\/www.gercekescort.com\/escort\/erzurum-escort\/\" target=\"_blank\" title=\"erzurum escort\" rel=\"noopener\">erzurum escort<\/a><br \/>\n<a href=\"http:\/\/www.gercekescort.com\/escort\/eskisehir-escort\/\" target=\"_blank\" title=\"eski\u015fehir escort\" rel=\"noopener\">eski\u015fehir escort<\/a><br \/>\n<a href=\"http:\/\/www.gercekescort.com\/escort\/gaziantep-escort\/\" target=\"_blank\" title=\"gaziantep escort\" rel=\"noopener\">gaziantep escort<\/a><br \/>\n<a href=\"http:\/\/www.gercekescort.com\/escort\/gebze-escort\/\" target=\"_blank\" title=\"gebze escort\" rel=\"noopener\">gebze escort<\/a><br \/>\n<a href=\"http:\/\/www.gercekescort.com\/escort\/giresun-escort\/\" target=\"_blank\" title=\"giresun escort\" rel=\"noopener\">giresun escort<\/a><br \/>\n<a href=\"http:\/\/www.gercekescort.com\/escort\/gumushane-escort\/\" target=\"_blank\" title=\"g\u00fcm\u00fc\u015fhane escort\" rel=\"noopener\">g\u00fcm\u00fc\u015fhane escort<\/a><br \/>\n<a href=\"http:\/\/www.gercekescort.com\/escort\/hakkari-escort\/\" target=\"_blank\" title=\"hakkari escort\" rel=\"noopener\">hakkari escort<\/a><br \/>\n<a href=\"http:\/\/www.gercekescort.com\/escort\/hatay-escort\/\" target=\"_blank\" title=\"hatay escort\" rel=\"noopener\">hatay escort<\/a><br \/>\n<a href=\"http:\/\/www.gercekescort.com\/escort\/igdir-escort\/\" target=\"_blank\" title=\"\u0131\u011fd\u0131r escort\" rel=\"noopener\">\u0131\u011fd\u0131r escort<\/a><br \/>\n<a href=\"http:\/\/www.gercekescort.com\/escort\/isparta-escort\/\" target=\"_blank\" title=\"\u0131sparta escort\" rel=\"noopener\">\u0131sparta escort<\/a><br \/>\n<a href=\"http:\/\/www.gercekescort.com\/escort\/istanbul-escort\/\" target=\"_blank\" title=\"istanbul escort\" rel=\"noopener\">istanbul escort<\/a><br \/>\n<a href=\"http:\/\/www.gercekescort.com\/escort\/izmir-escort\/\" target=\"_blank\" title=\"izmir escort\" rel=\"noopener\">izmir escort<\/a><br \/>\n<a href=\"http:\/\/www.gercekescort.com\/escort\/izmit-escort\/\" target=\"_blank\" title=\"izmit escort\" rel=\"noopener\">izmit escort<\/a><br \/>\n<a href=\"http:\/\/www.gercekescort.com\/escort\/kahramanmaras-escort\/\" target=\"_blank\" title=\"kahramanmara\u015f escort\" rel=\"noopener\">kahramanmara\u015f escort<\/a><br \/>\n<a href=\"http:\/\/www.gercekescort.com\/escort\/karabuk-escort\/\" target=\"_blank\" title=\"karab\u00fck escort\" rel=\"noopener\">karab\u00fck escort<\/a><br \/>\n<a href=\"http:\/\/www.gercekescort.com\/escort\/karaman-escort\/\" target=\"_blank\" title=\"karaman escort\" rel=\"noopener\">karaman escort<\/a><br \/>\n<a href=\"http:\/\/www.gercekescort.com\/escort\/kars-escort\/\" target=\"_blank\" title=\"kars escort\" rel=\"noopener\">kars escort<\/a><br \/>\n<a href=\"http:\/\/www.gercekescort.com\/escort\/kastamonu-escort\/\" target=\"_blank\" title=\"kastamonu escort\" rel=\"noopener\">kastamonu escort<\/a><br \/>\n<a href=\"http:\/\/www.gercekescort.com\/escort\/kayseri-escort\/\" target=\"_blank\" title=\"kayseri escort\" rel=\"noopener\">kayseri escort<\/a><br \/>\n<a href=\"http:\/\/www.gercekescort.com\/escort\/kilis-escort\/\" target=\"_blank\" title=\"kilis escort\" rel=\"noopener\">kilis escort<\/a><br \/>\n<a href=\"http:\/\/www.gercekescort.com\/escort\/kirikkale-escort\/\" target=\"_blank\" title=\"k\u0131r\u0131kkale escort\" rel=\"noopener\">k\u0131r\u0131kkale escort<\/a><br \/>\n<a href=\"http:\/\/www.gercekescort.com\/escort\/kirklareli-escort\/\" target=\"_blank\" title=\"k\u0131rklareli escort\" rel=\"noopener\">k\u0131rklareli escort<\/a><br \/>\n<a href=\"http:\/\/www.gercekescort.com\/escort\/kirsehir-escort\/\" target=\"_blank\" title=\"k\u0131r\u015fehir escort\" rel=\"noopener\">k\u0131r\u015fehir escort<\/a><br \/>\n<a href=\"http:\/\/www.gercekescort.com\/escort\/kocaeli-escort\/\" target=\"_blank\" title=\"kocaeli escort\" rel=\"noopener\">kocaeli escort<\/a><br \/>\n<a href=\"http:\/\/www.gercekescort.com\/escort\/konya-escort\/\" target=\"_blank\" title=\"konya escort\" rel=\"noopener\">konya escort<\/a><br \/>\n<a href=\"http:\/\/www.gercekescort.com\/escort\/kutahya-escort\/\" target=\"_blank\" title=\"k\u00fctahya escort\" rel=\"noopener\">k\u00fctahya escort<\/a><br \/>\n<a href=\"http:\/\/www.gercekescort.com\/escort\/malatya-escort\/\" target=\"_blank\" title=\"malatya escort\" rel=\"noopener\">malatya escort<\/a><br \/>\n<a href=\"http:\/\/www.gercekescort.com\/escort\/manisa-escort\/\" target=\"_blank\" title=\"manisa escort\" rel=\"noopener\">manisa escort<\/a><br \/>\n<a href=\"http:\/\/www.gercekescort.com\/escort\/mardin-escort\/\" target=\"_blank\" title=\"mardin escort\" rel=\"noopener\">mardin escort<\/a><br \/>\n<a href=\"http:\/\/www.gercekescort.com\/escort\/mersin-escort\/\" target=\"_blank\" title=\"mersin escort\" rel=\"noopener\">mersin escort<\/a><br \/>\n<a href=\"http:\/\/www.gercekescort.com\/escort\/mugla-escort\/\" target=\"_blank\" title=\"mu\u011fla escort\" rel=\"noopener\">mu\u011fla escort<\/a><br \/>\n<a href=\"http:\/\/www.gercekescort.com\/escort\/mus-escort\/\" target=\"_blank\" title=\"mu\u015f escort\" rel=\"noopener\">mu\u015f escort<\/a><br \/>\n<a href=\"http:\/\/www.gercekescort.com\/escort\/nevsehir-escort\/\" target=\"_blank\" title=\"nev\u015fehir escort\" rel=\"noopener\">nev\u015fehir escort<\/a><br \/>\n<a href=\"http:\/\/www.gercekescort.com\/escort\/nigde-escort\/\" target=\"_blank\" title=\"ni\u011fde escort\" rel=\"noopener\">ni\u011fde escort<\/a><br \/>\n<a href=\"http:\/\/www.gercekescort.com\/escort\/ordu-escort\/\" target=\"_blank\" title=\"ordu escort\" rel=\"noopener\">ordu escort<\/a><br \/>\n<a href=\"http:\/\/www.gercekescort.com\/escort\/osmaniye-escort\/\" target=\"_blank\" title=\"osmaniye escort\" rel=\"noopener\">osmaniye escort<\/a><br \/>\n<a href=\"http:\/\/www.gercekescort.com\/escort\/rize-escort\/\" target=\"_blank\" title=\"rize escort\" rel=\"noopener\">rize escort<\/a><br \/>\n<a href=\"http:\/\/www.gercekescort.com\/escort\/sakarya-escort\/\" target=\"_blank\" title=\"sakarya escort\" rel=\"noopener\">sakarya escort<\/a><br \/>\n<a href=\"http:\/\/www.gercekescort.com\/escort\/samsun-escort\/\" target=\"_blank\" title=\"samsun escort\" rel=\"noopener\">samsun escort<\/a><br \/>\n<a href=\"http:\/\/www.gercekescort.com\/escort\/sanliurfa-escort\/\" target=\"_blank\" title=\"\u015fanl\u0131urfa escort\" rel=\"noopener\">\u015fanl\u0131urfa escort<\/a><br \/>\n<a href=\"http:\/\/www.gercekescort.com\/escort\/siirt-escort\/\" target=\"_blank\" title=\"siirt escort\" rel=\"noopener\">siirt escort<\/a><br \/>\n<a href=\"http:\/\/www.gercekescort.com\/escort\/sinop-escort\/\" target=\"_blank\" title=\"sinop escort\" rel=\"noopener\">sinop escort<\/a><br \/>\n<a href=\"http:\/\/www.gercekescort.com\/escort\/sirnak-escort\/\" target=\"_blank\" title=\"\u015f\u0131rnak escort\" rel=\"noopener\">\u015f\u0131rnak escort<\/a><br \/>\n<a href=\"http:\/\/www.gercekescort.com\/escort\/sivas-escort\/\" target=\"_blank\" title=\"sivas escort\" rel=\"noopener\">sivas escort<\/a><br \/>\n<a href=\"http:\/\/www.gercekescort.com\/escort\/tekirdag-escort\/\" target=\"_blank\" title=\"tekirda\u011f escort\" rel=\"noopener\">tekirda\u011f escort<\/a><br \/>\n<a href=\"http:\/\/www.gercekescort.com\/escort\/tokat-escort\/\" target=\"_blank\" title=\"tokat escort\" rel=\"noopener\">tokat escort<\/a><br \/>\n<a href=\"http:\/\/www.gercekescort.com\/escort\/trabzon-escort\/\" target=\"_blank\" title=\"trabzon escort\" rel=\"noopener\">trabzon escort<\/a><br \/>\n<a href=\"http:\/\/www.gercekescort.com\/escort\/tunceli-escort\/\" target=\"_blank\" title=\"tunceli escort\" rel=\"noopener\">tunceli escort<\/a><br \/>\n<a href=\"http:\/\/www.gercekescort.com\/escort\/usak-escort\/\" target=\"_blank\" title=\"u\u015fak escort\" rel=\"noopener\">u\u015fak escort<\/a><br \/>\n<a href=\"http:\/\/www.gercekescort.com\/escort\/van-escort\/\" target=\"_blank\" title=\"van escort\" rel=\"noopener\">van escort<\/a><br \/>\n<a href=\"http:\/\/www.gercekescort.com\/escort\/yalova-escort\/\" target=\"_blank\" title=\"yalova escort\" rel=\"noopener\">yalova escort<\/a><br \/>\n<a href=\"http:\/\/www.gercekescort.com\/escort\/yozgat-escort\/\" target=\"_blank\" title=\"yozgat escort\" rel=\"noopener\">yozgat escort<\/a><br \/>\n<a href=\"http:\/\/www.gercekescort.com\/escort\/zonguldak-escort\/\" target=\"_blank\" title=\"zonguldak escort\" rel=\"noopener\">zonguldak escort<\/a>\n<\/div>","protected":false},"excerpt":{"rendered":"<p>PARKIETT Zam\u00f3w bezp\u0142atn\u0105 wycen\u0119 pod\u0142ogi Zam\u00f3w darmow\u0105 pr\u00f3bk\u0119 wybranej pod\u0142ogi &nbsp; Kontakt do salonu firmowego tel. sklep 500-550-501lub tel. kom. 505-704-518 lub skorzystaj z formularza kontaktowego adana escort ad\u0131yaman escort afyon escort a\u011fr\u0131 escort aksaray escort amasya escort ankara escort antalya escort ardahan escort artvin escort ayd\u0131n escort bal\u0131kesir escort bart\u0131n escort batman escort bayburt [&hellip;]<\/p>\n","protected":false},"author":2,"featured_media":1146,"parent":0,"menu_order":0,"comment_status":"closed","ping_status":"closed","template":"template-kontakt.php","meta":{"_acf_changed":false,"footnotes":""},"class_list":["post-23","page","type-page","status-publish","has-post-thumbnail","hentry"],"acf":[],"_links":{"self":[{"href":"https:\/\/parkiett.pl\/index.php?rest_route=\/wp\/v2\/pages\/23","targetHints":{"allow":["GET"]}}],"collection":[{"href":"https:\/\/parkiett.pl\/index.php?rest_route=\/wp\/v2\/pages"}],"about":[{"href":"https:\/\/parkiett.pl\/index.php?rest_route=\/wp\/v2\/types\/page"}],"author":[{"embeddable":true,"href":"https:\/\/parkiett.pl\/index.php?rest_route=\/wp\/v2\/users\/2"}],"replies":[{"embeddable":true,"href":"https:\/\/parkiett.pl\/index.php?rest_route=%2Fwp%2Fv2%2Fcomments&post=23"}],"version-history":[{"count":12,"href":"https:\/\/parkiett.pl\/index.php?rest_route=\/wp\/v2\/pages\/23\/revisions"}],"predecessor-version":[{"id":2819,"href":"https:\/\/parkiett.pl\/index.php?rest_route=\/wp\/v2\/pages\/23\/revisions\/2819"}],"wp:featuredmedia":[{"embeddable":true,"href":"https:\/\/parkiett.pl\/index.php?rest_route=\/wp\/v2\/media\/1146"}],"wp:attachment":[{"href":"https:\/\/parkiett.pl\/index.php?rest_route=%2Fwp%2Fv2%2Fmedia&parent=23"}],"curies":[{"name":"wp","href":"https:\/\/api.w.org\/{rel}","templated":true}]}}