{"id":19,"date":"2019-01-03T08:36:25","date_gmt":"2019-01-03T07:36:25","guid":{"rendered":"http:\/\/localhost\/parkiett.pl\/?page_id=19"},"modified":"2025-03-05T05:16:49","modified_gmt":"2025-03-05T04:16:49","slug":"uslugi","status":"publish","type":"page","link":"https:\/\/parkiett.pl\/?page_id=19","title":{"rendered":"Monta\u017c"},"content":{"rendered":"<h2 style=\"text-align: center;\">Cennik us\u0142ug parkieciarskich<\/h2>\n<hr>\n\n\n<ul class=\"wp-block-list\">\n<li>Monta\u017c nowej pod\u0142ogi: spr. wilgotno\u015bci posadzki, uk\u0142adanie, cyklinowanie, szpachlowanie x 2, polerowanie, lakierowanie x 3 warstwy lub olejowanie 2 warstwy <strong>Cena od 79z\u0142.\/m2<\/strong> (zale\u017cy jaka pod\u0142oga i jaki wz\u00f3r oraz lokalizacja)<\/li>\n<\/ul>\n\n\n\n<ul class=\"wp-block-list\">\n<li>Uk\u0142adanie pod\u0142ogi wyko\u0144czonej: parkiet, deski lakierowane lub olejowane (spr. posadzki, wilgotno\u015bci, gruntowanie, klejenie)  <strong>Cena od 39z\u0142.\/m2 <\/strong>(do uzgodnienia: zale\u017cy od ilo\u015bci m2, lokalizacji, wzoru uk\u0142adania)<strong> <\/strong><\/li>\n<\/ul>\n\n\n\n<ul class=\"wp-block-list\">\n<li>Monta\u017c Listwy\/Coko\u0142u <strong>Cena 15-25z\u0142.\/mb<\/strong> (zale\u017cy od wys. listwy)<\/li>\n<\/ul>\n\n\n\n<ul class=\"wp-block-list\">\n<li>Renowacja starej pod\u0142ogi, cyklinowanie i lakierowanie lub olejowanie   <strong>Cena 45-70z\u0142.\/m2<\/strong> (zale\u017cy od stanu pod\u0142ogi)<\/li>\n<\/ul>\n\n\n\n<ul class=\"wp-block-list\">\n<li>Piel\u0119gnacja pod\u0142ogi, polerowanie i lakierowanie, olejowanie, pastowanie <strong>Cena 25z\u0142.\/m2<\/strong><\/li>\n<\/ul>\n\n\n\n<ul class=\"wp-block-list\">\n<li>Szlifowanie\/czyszczenie posadzki przed uk\u0142adaniem <strong>Cena od 5z\u0142.\/m2<\/strong><\/li>\n<\/ul>\n\n\n<\/p>\n<hr>\n\n\n<p><em>*poni\u017cej 20m2 cena jest uzgadniana indywidualnie<\/em><\/p>\n\n\n\n<p><em>**cena monta\u017cu listew obowi\u0105zuje przy naszej realizacji us\u0142ugi cyklinowania lub monta\u017cu pod\u0142\u00f3g<\/em><\/p>\n\n\n<\/p>\n<hr>\n\n\n<p class=\"has-text-align-center has-very-dark-gray-color has-very-light-gray-background-color has-text-color has-background has-medium-font-size\"> <strong><a href=\"https:\/\/parkiett.pl\/kontakt\">Zapytaj o wycen\u0119&nbsp;monta\u017cu pod\u0142ogi<\/a><\/strong><\/p>\n\n\n<\/p>\n<hr>","protected":false},"excerpt":{"rendered":"<p>Cennik us\u0142ug parkieciarskich *poni\u017cej 20m2 cena jest uzgadniana indywidualnie **cena monta\u017cu listew obowi\u0105zuje przy naszej realizacji us\u0142ugi cyklinowania lub monta\u017cu pod\u0142\u00f3g Zapytaj o wycen\u0119&nbsp;monta\u017cu pod\u0142ogi<\/p>\n","protected":false},"author":2,"featured_media":471,"parent":0,"menu_order":0,"comment_status":"closed","ping_status":"closed","template":"","meta":{"_acf_changed":false,"footnotes":""},"class_list":["post-19","page","type-page","status-publish","has-post-thumbnail","hentry"],"acf":[],"_links":{"self":[{"href":"https:\/\/parkiett.pl\/index.php?rest_route=\/wp\/v2\/pages\/19","targetHints":{"allow":["GET"]}}],"collection":[{"href":"https:\/\/parkiett.pl\/index.php?rest_route=\/wp\/v2\/pages"}],"about":[{"href":"https:\/\/parkiett.pl\/index.php?rest_route=\/wp\/v2\/types\/page"}],"author":[{"embeddable":true,"href":"https:\/\/parkiett.pl\/index.php?rest_route=\/wp\/v2\/users\/2"}],"replies":[{"embeddable":true,"href":"https:\/\/parkiett.pl\/index.php?rest_route=%2Fwp%2Fv2%2Fcomments&post=19"}],"version-history":[{"count":25,"href":"https:\/\/parkiett.pl\/index.php?rest_route=\/wp\/v2\/pages\/19\/revisions"}],"predecessor-version":[{"id":2545,"href":"https:\/\/parkiett.pl\/index.php?rest_route=\/wp\/v2\/pages\/19\/revisions\/2545"}],"wp:featuredmedia":[{"embeddable":true,"href":"https:\/\/parkiett.pl\/index.php?rest_route=\/wp\/v2\/media\/471"}],"wp:attachment":[{"href":"https:\/\/parkiett.pl\/index.php?rest_route=%2Fwp%2Fv2%2Fmedia&parent=19"}],"curies":[{"name":"wp","href":"https:\/\/api.w.org\/{rel}","templated":true}]}}