{"id":15,"date":"2019-01-03T08:35:20","date_gmt":"2019-01-03T07:35:20","guid":{"rendered":"http:\/\/localhost\/parkiett.pl\/?page_id=15"},"modified":"2022-03-30T15:28:03","modified_gmt":"2022-03-30T13:28:03","slug":"realizacje","status":"publish","type":"page","link":"http:\/\/parkiett.pl\/?page_id=15","title":{"rendered":"Realizacje"},"content":{"rendered":"\n<p>Poni\u017cej przedstawiamy troch\u0119 przyk\u0142adowych realizacji. <\/p>\n\n\n\n<p>Wykonujemy pod\u0142ogi drewniane w ca\u0142ej Polsce i Europie. Zar\u00f3wno w prywatnych mieszkaniach, domach i biurach, a tak\u017ce nasze pod\u0142ogi mo\u017cna zobaczy\u0107 w wielu w obiektach u\u017cyteczno\u015bci publicznej: szko\u0142ach, halach sportowych, salach tanecznych, domach kultury, urz\u0119dach, gminach, bibliotekach czy restauracjach&#8230; Zajmujemy si\u0119 tak\u017ce renowacj\u0105 zabytkowych pod\u0142\u00f3g. Wykonujemy i montujemy schody z ka\u017cdego drewna. <\/p>\n\n\n\n<p>Zapraszamy do odwiedzenia naszego salonu z wzornikami w Warszawie. Szeroki wyb\u00f3r pod\u0142\u00f3g krajowych i egzotycznych, parkiety, deski, pod\u0142ogi przemys\u0142owe.<\/p>\n","protected":false},"excerpt":{"rendered":"<p>Poni\u017cej przedstawiamy troch\u0119 przyk\u0142adowych realizacji. Wykonujemy pod\u0142ogi drewniane w ca\u0142ej Polsce i Europie. Zar\u00f3wno w prywatnych mieszkaniach, domach i biurach, a tak\u017ce nasze pod\u0142ogi mo\u017cna zobaczy\u0107 w wielu w obiektach u\u017cyteczno\u015bci publicznej: szko\u0142ach, halach sportowych, salach tanecznych, domach kultury, urz\u0119dach, gminach, bibliotekach czy restauracjach&#8230; Zajmujemy si\u0119 tak\u017ce renowacj\u0105 zabytkowych pod\u0142\u00f3g. Wykonujemy i montujemy schody z [&hellip;]<\/p>\n","protected":false},"author":2,"featured_media":938,"parent":0,"menu_order":0,"comment_status":"closed","ping_status":"closed","template":"template-realizacje.php","meta":{"_acf_changed":false,"footnotes":""},"class_list":["post-15","page","type-page","status-publish","has-post-thumbnail","hentry"],"acf":[],"_links":{"self":[{"href":"http:\/\/parkiett.pl\/index.php?rest_route=\/wp\/v2\/pages\/15","targetHints":{"allow":["GET"]}}],"collection":[{"href":"http:\/\/parkiett.pl\/index.php?rest_route=\/wp\/v2\/pages"}],"about":[{"href":"http:\/\/parkiett.pl\/index.php?rest_route=\/wp\/v2\/types\/page"}],"author":[{"embeddable":true,"href":"http:\/\/parkiett.pl\/index.php?rest_route=\/wp\/v2\/users\/2"}],"replies":[{"embeddable":true,"href":"http:\/\/parkiett.pl\/index.php?rest_route=%2Fwp%2Fv2%2Fcomments&post=15"}],"version-history":[{"count":41,"href":"http:\/\/parkiett.pl\/index.php?rest_route=\/wp\/v2\/pages\/15\/revisions"}],"predecessor-version":[{"id":1842,"href":"http:\/\/parkiett.pl\/index.php?rest_route=\/wp\/v2\/pages\/15\/revisions\/1842"}],"wp:featuredmedia":[{"embeddable":true,"href":"http:\/\/parkiett.pl\/index.php?rest_route=\/wp\/v2\/media\/938"}],"wp:attachment":[{"href":"http:\/\/parkiett.pl\/index.php?rest_route=%2Fwp%2Fv2%2Fmedia&parent=15"}],"curies":[{"name":"wp","href":"https:\/\/api.w.org\/{rel}","templated":true}]}}